{"id":5969,"date":"2023-07-19T15:34:42","date_gmt":"2023-07-19T15:34:42","guid":{"rendered":"https:\/\/agrim.co.in\/?post_type=product&#038;p=5969"},"modified":"2025-06-19T06:43:07","modified_gmt":"2025-06-19T06:43:07","slug":"hp-530-tank","status":"publish","type":"product","link":"https:\/\/agrim.co.in\/index.php\/product\/hp-530-tank\/","title":{"rendered":"HP 530 TANK"},"content":{"rendered":"<h2>Product information<\/h2>\n<div class=\"a-row a-spacing-top-base\">\n<div class=\"a-column a-span6\">\n<div class=\"a-row a-spacing-base\">\n<div class=\"a-row a-expander-container a-expander-extend-container\">\n<div class=\"a-row\">\n<div class=\"a-column a-span6\">\n<h1 class=\"a-size-medium a-spacing-small\">Technical Details<\/h1>\n<\/div>\n<\/div>\n<div class=\"a-expander-content a-expander-extend-content\" aria-expanded=\"true\">\n<div class=\"a-row a-expander-container a-expander-inline-container\">\n<div class=\"a-expander-content a-expander-section-content a-section-expander-inner\" aria-expanded=\"true\">\n<table id=\"productDetails_techSpec_section_1\" class=\"a-keyvalue prodDetTable\" role=\"presentation\">\n<tbody>\n<tr>\n<th class=\"a-color-secondary a-size-base prodDetSectionEntry\">Brand<\/th>\n<td class=\"a-size-base prodDetAttrValue\">\u200eHP<\/td>\n<\/tr>\n<tr>\n<th class=\"a-color-secondary a-size-base prodDetSectionEntry\">Manufacturer<\/th>\n<td class=\"a-size-base prodDetAttrValue\">\u200eHP, Cal-Comp Optical Electronics YUEYANG Co., Ltd No.8, Xinjinbao Road,Yueyang Chenglingji CBZ,Hunan Province, 414000, China\/ HonGFUJIN Precision Electronics(Chong Qing) Co., Ltd, No.1, 1st E District RD. Shapingba District, Chongqing 401332, P.R. China.<\/td>\n<\/tr>\n<tr>\n<th class=\"a-color-secondary a-size-base prodDetSectionEntry\">Series<\/th>\n<td class=\"a-size-base prodDetAttrValue\">\u200eHP Smart Tank 530 AiO Printer<\/td>\n<\/tr>\n<tr>\n<th class=\"a-color-secondary a-size-base prodDetSectionEntry\">Colour<\/th>\n<td class=\"a-size-base prodDetAttrValue\">\u200eINVALID DATA<\/td>\n<\/tr>\n<tr>\n<th class=\"a-color-secondary a-size-base prodDetSectionEntry\">Form Factor<\/th>\n<td class=\"a-size-base prodDetAttrValue\">\u200ePrint, Copy, Scan<\/td>\n<\/tr>\n<tr>\n<th class=\"a-color-secondary a-size-base prodDetSectionEntry\">Item Height<\/th>\n<td class=\"a-size-base prodDetAttrValue\">\u200e37.3 Centimeters<\/td>\n<\/tr>\n<tr>\n<th class=\"a-color-secondary a-size-base prodDetSectionEntry\">Item Width<\/th>\n<td class=\"a-size-base prodDetAttrValue\">\u200e19.8 Centimeters<\/td>\n<\/tr>\n<tr>\n<th class=\"a-color-secondary a-size-base prodDetSectionEntry\">Product Dimensions<\/th>\n<td class=\"a-size-base prodDetAttrValue\">\u200e44.9 x 19.8 x 37.3 cm; 7.71 Kilograms<\/td>\n<\/tr>\n<tr>\n<th class=\"a-color-secondary a-size-base prodDetSectionEntry\">Item model number<\/th>\n<td class=\"a-size-base prodDetAttrValue\">\u200eHP Smart Tank 530 AiO Printer<\/td>\n<\/tr>\n<tr>\n<th class=\"a-color-secondary a-size-base prodDetSectionEntry\">Connectivity Type<\/th>\n<td class=\"a-size-base prodDetAttrValue\">\u200eBluetooth, Wi-Fi<\/td>\n<\/tr>\n<tr>\n<th class=\"a-color-secondary a-size-base prodDetSectionEntry\">Wireless Type<\/th>\n<td class=\"a-size-base prodDetAttrValue\">\u200e802.11bgn<\/td>\n<\/tr>\n<tr>\n<th class=\"a-color-secondary a-size-base prodDetSectionEntry\">Wattage<\/th>\n<td class=\"a-size-base prodDetAttrValue\">\u200e3.72 Watts<\/td>\n<\/tr>\n<tr>\n<th class=\"a-color-secondary a-size-base prodDetSectionEntry\">Power Source<\/th>\n<td class=\"a-size-base prodDetAttrValue\">\u200eCorded Electric<\/td>\n<\/tr>\n<tr>\n<th class=\"a-color-secondary a-size-base prodDetSectionEntry\">Hardware Platform<\/th>\n<td class=\"a-size-base prodDetAttrValue\">\u200eTablet, Smartphone<\/td>\n<\/tr>\n<tr>\n<th class=\"a-color-secondary a-size-base prodDetSectionEntry\">Operating System<\/th>\n<td class=\"a-size-base prodDetAttrValue\">\u200eWindows 10, 7; OS X v10.11 El Capitan, macOS Sierra v10.12 (previously OS X), macOS High Sierra v10.13, macOS Mojave v10.14<\/td>\n<\/tr>\n<tr>\n<th class=\"a-color-secondary a-size-base prodDetSectionEntry\">Are Batteries Included<\/th>\n<td class=\"a-size-base prodDetAttrValue\">\u200eNo<\/td>\n<\/tr>\n<tr>\n<th class=\"a-color-secondary a-size-base prodDetSectionEntry\">Included Components<\/th>\n<td class=\"a-size-base prodDetAttrValue\">\u200eInkjet Printer 1N, (Black Ink Cartridge 1N,Color Ink Cartridge 1N,Power Cord 1N, USB Cable 1N,User Manual 5N)<\/td>\n<\/tr>\n<tr>\n<th class=\"a-color-secondary a-size-base prodDetSectionEntry\">Manufacturer<\/th>\n<td class=\"a-size-base prodDetAttrValue\">\u200eHP<\/td>\n<\/tr>\n<tr>\n<th class=\"a-color-secondary a-size-base prodDetSectionEntry\">Imported By<\/th>\n<td class=\"a-size-base prodDetAttrValue\">\u200eHP India Sales Private Limited<\/td>\n<\/tr>\n<tr>\n<th class=\"a-color-secondary a-size-base prodDetSectionEntry\">Item Weight<\/th>\n<td class=\"a-size-base prodDetAttrValue\">\u200e7 kg 710 g<\/td>\n<\/tr>\n<\/tbody>\n<\/table>\n<\/div>\n<\/div>\n<\/div>\n<\/div>\n<\/div>\n<div class=\"a-row a-spacing-base\"><\/div>\n<\/div>\n<div class=\"a-column a-span6 a-span-last\">\n<div class=\"a-row a-spacing-base\">\n<div id=\"productDetails_db_sections\" class=\"a-section\">\n<h1 class=\"a-size-medium a-spacing-small secHeader\">Additional Information<\/h1>\n<div class=\"a-section table-padding\">\n<table id=\"productDetails_detailBullets_sections1\" class=\"a-keyvalue prodDetTable\" role=\"presentation\">\n<tbody>\n<tr>\n<th class=\"a-color-secondary a-size-base prodDetSectionEntry\">ASIN<\/th>\n<td class=\"a-size-base prodDetAttrValue\">B07TMFCNXB<\/td>\n<\/tr>\n<tr>\n<th class=\"a-color-secondary a-size-base prodDetSectionEntry\">Customer Reviews<\/th>\n<td class=\"a-size-base\">\n<div id=\"averageCustomerReviews\" data-asin=\"B07TMFCNXB\" data-ref=\"dpx_acr_pop_\"><span class=\"a-declarative\" data-action=\"acrStarsLink-click-metrics\" data-csa-c-type=\"widget\" data-csa-c-func-deps=\"aui-da-acrStarsLink-click-metrics\" data-acrstarslink-click-metrics=\"{}\" data-csa-c-id=\"36dwu3-owkkmf-ni8kxh-a7olzp\"><span id=\"acrPopover\" class=\"reviewCountTextLinkedHistogram noUnderline\" title=\"3.9 out of 5 stars\"><a class=\"a-popover-trigger a-declarative\" role=\"button\"><span class=\"a-size-base a-color-base\">3.9\u00a0<\/span><i class=\"a-icon a-icon-star a-star-4 cm-cr-review-stars-spacing-big\"><span class=\"a-icon-alt\">3.9 out of 5 stars<\/span><\/i>\u00a0<i class=\"a-icon a-icon-popover\"><\/i><\/a>\u00a0\u00a0<\/span><\/span>\u00a0<span class=\"a-declarative\" data-action=\"acrLink-click-metrics\" data-csa-c-type=\"widget\" data-csa-c-func-deps=\"aui-da-acrLink-click-metrics\" data-acrlink-click-metrics=\"{}\" data-csa-c-id=\"xlm3i5-6a46y9-aueank-i5fowx\"><a id=\"acrCustomerReviewLink\" class=\"a-link-normal\" href=\"https:\/\/www.amazon.in\/Smart-Tank-530-AiO-Printer\/dp\/B07TMFCNXB#customerReviews\"><span id=\"acrCustomerReviewText\" class=\"a-size-base\">1,142 ratings<\/span><\/a><\/span><\/div>\n<p>3.9 out of 5 stars<\/td>\n<\/tr>\n<tr>\n<th class=\"a-color-secondary a-size-base prodDetSectionEntry\">Best Sellers Rank<\/th>\n<td>#18,179 in Computers &amp; Accessories (<a href=\"https:\/\/www.amazon.in\/gp\/bestsellers\/computers\/ref=pd_zg_ts_computers\">See Top 100 in Computers &amp; Accessories<\/a>)<br \/>\n#53 in\u00a0<a href=\"https:\/\/www.amazon.in\/gp\/bestsellers\/computers\/15606842031\/ref=pd_zg_hrsr_computers\">Inkjet Printers<\/a><br \/>\n#79 in\u00a0<a href=\"https:\/\/www.amazon.in\/gp\/bestsellers\/computers\/1375447031\/ref=pd_zg_hrsr_computers\">Ink Tank Printers<\/a><\/td>\n<\/tr>\n<tr>\n<th class=\"a-color-secondary a-size-base prodDetSectionEntry\">Date First Available<\/th>\n<td class=\"a-size-base prodDetAttrValue\">26 June 2019<\/td>\n<\/tr>\n<tr>\n<th class=\"a-color-secondary a-size-base prodDetSectionEntry\">Packer<\/th>\n<td class=\"a-size-base prodDetAttrValue\">Cal-Comp Optical Electronics YUEYANG Co., Ltd No.8, Xinjinbao Road,Yueyang Chenglingji CBZ,Hunan Province, 414000, China\/ HonGFUJIN Precision Electronics(Chong Qing) Co., Ltd, No.1, 1st E District RD. Shapingba District, Chongqing 401332, P.R. China.<\/td>\n<\/tr>\n<tr>\n<th class=\"a-color-secondary a-size-base prodDetSectionEntry\">Importer<\/th>\n<td class=\"a-size-base prodDetAttrValue\">HP India Sales Private Limited, 24 Salarpuria Arena, Hosur main road, Audogodi, Bangalore &#8211; 560030<\/td>\n<\/tr>\n<tr>\n<th class=\"a-color-secondary a-size-base prodDetSectionEntry\">Item Dimensions LxWxH<\/th>\n<td class=\"a-size-base prodDetAttrValue\">44.9 x 19.8 x 37.3 Centimeters<\/td>\n<\/tr>\n<tr>\n<th class=\"a-color-secondary a-size-base prodDetSectionEntry\">Net Quantity<\/th>\n<td class=\"a-size-base prodDetAttrValue\">1 U<\/td>\n<\/tr>\n<tr>\n<th class=\"a-color-secondary a-size-base prodDetSectionEntry\">Generic Name<\/th>\n<td class=\"a-size-base prodDetAttrValue\">Ink Tank- MF<\/td>\n<\/tr>\n<\/tbody>\n<\/table>\n<\/div>\n<\/div>\n<\/div>\n<\/div>\n<\/div>\n","protected":false},"excerpt":{"rendered":"<div id=\"productOverview_feature_div\" class=\"celwidget\" data-feature-name=\"productOverview\" data-csa-c-type=\"widget\" data-csa-c-content-id=\"productOverview\" data-csa-c-slot-id=\"productOverview_feature_div\" data-csa-c-asin=\"B07TMFCNXB\" data-csa-c-is-in-initial-active-row=\"false\" data-csa-c-id=\"hty0qq-h638en-ozfkc2-e9ovje\" data-cel-widget=\"productOverview_feature_div\">\n<div id=\"poExpander\" class=\"a-expander-collapsed-height a-row a-expander-container a-spacing-none a-expander-partial-collapse-container\" data-a-expander-name=\"product_overview\" data-a-expander-collapsed-height=\"210\">\n<div class=\"a-expander-content a-expander-partial-collapse-content a-expander-content-expanded\" aria-expanded=\"true\">\n<div class=\"a-section a-spacing-small a-spacing-top-small\">\n<table class=\"a-normal a-spacing-micro\">\n<tbody>\n<tr class=\"a-spacing-small po-brand\">\n<td class=\"a-span3\"><span class=\"a-size-base a-text-bold\">Brand<\/span><\/td>\n<td class=\"a-span9\"><span class=\"a-size-base po-break-word\">HP<\/span><\/td>\n<\/tr>\n<tr class=\"a-spacing-small po-connectivity_technology\">\n<td class=\"a-span3\"><span class=\"a-size-base a-text-bold\">Connectivity Technology<\/span><\/td>\n<td class=\"a-span9\"><span class=\"a-size-base po-break-word\">Wi-Fi<\/span><\/td>\n<\/tr>\n<tr class=\"a-spacing-small po-printer_technology\">\n<td class=\"a-span3\"><span class=\"a-size-base a-text-bold\">Printing Technology<\/span><\/td>\n<td class=\"a-span9\"><span class=\"a-size-base po-break-word\">Ink Tank<\/span><\/td>\n<\/tr>\n<tr class=\"a-spacing-small po-special_feature\">\n<td class=\"a-span3\"><span class=\"a-size-base a-text-bold\">Special Feature<\/span><\/td>\n<td class=\"a-span9\"><span class=\"a-size-base po-break-word\">Charging Port<\/span><\/td>\n<\/tr>\n<tr class=\"a-spacing-small po-color\">\n<td class=\"a-span3\"><span class=\"a-size-base a-text-bold\">Colour<\/span><\/td>\n<td class=\"a-span9\"><span class=\"a-size-base po-break-word\">INVALID DATA<\/span><\/td>\n<\/tr>\n<tr class=\"a-spacing-small po-recommended_uses_for_product\">\n<td class=\"a-span3\"><span class=\"a-size-base a-text-bold\">Recommended Uses For Product<\/span><\/td>\n<td class=\"a-span9\"><span class=\"a-size-base po-break-word\">Office<\/span><\/td>\n<\/tr>\n<tr class=\"a-spacing-small po-model_name\">\n<td class=\"a-span3\"><span class=\"a-size-base a-text-bold\">Model Name<\/span><\/td>\n<td class=\"a-span9\"><span class=\"a-size-base po-break-word\">HP Smart Tank 530 AiO Printer<\/span><\/td>\n<\/tr>\n<tr class=\"a-spacing-small po-printer_output\">\n<td class=\"a-span3\"><span class=\"a-size-base a-text-bold\">Printer Output<\/span><\/td>\n<td class=\"a-span9\"><span class=\"a-size-base po-break-word\">Colour<\/span><\/td>\n<\/tr>\n<tr class=\"a-spacing-small po-max_printspeed_color\">\n<td class=\"a-span3\"><span class=\"a-size-base a-text-bold\">Maximum Print Speed (Colour)<\/span><\/td>\n<td class=\"a-span9\"><span class=\"a-size-base po-break-word\">16 ppm<\/span><\/td>\n<\/tr>\n<tr class=\"a-spacing-small po-max_printspeed_black_white\">\n<td class=\"a-span3\"><span class=\"a-size-base a-text-bold\">Max Print speed Monochrome<\/span><\/td>\n<td class=\"a-span9\"><span class=\"a-size-base po-break-word\">22 ppm<\/span><\/td>\n<\/tr>\n<\/tbody>\n<\/table>\n<\/div>\n<\/div>\n<div id=\"poToggleButton\" class=\"a-expander-header a-expander-partial-collapse-header\"><a class=\"a-declarative\" role=\"button\" data-csa-c-func-deps=\"aui-da-a-expander-toggle\" data-csa-c-type=\"widget\" data-csa-interaction-events=\"click\" aria-expanded=\"true\" data-action=\"a-expander-toggle\" data-a-expander-toggle=\"{&quot;allowLinkDefault&quot;:true, &quot;expand_prompt&quot;:&quot;See more&quot;, &quot;collapse_prompt&quot;:&quot;See less&quot;}\" data-csa-c-id=\"s62pfg-lcvgto-yrjfbr-t8x9an\"><i class=\"a-icon a-icon-extender-collapse\"><\/i><span class=\"a-expander-prompt\">See less<\/span><\/a><\/div>\n<\/div>\n<\/div>\n<div id=\"featurebullets_feature_div\" class=\"celwidget\" data-feature-name=\"featurebullets\" data-csa-c-type=\"widget\" data-csa-c-content-id=\"featurebullets\" data-csa-c-slot-id=\"featurebullets_feature_div\" data-csa-c-asin=\"B07TMFCNXB\" data-csa-c-is-in-initial-active-row=\"false\" data-csa-c-id=\"thx6h1-t32i71-nn1x74-knxj4\" data-cel-widget=\"featurebullets_feature_div\">\n<div id=\"feature-bullets\" class=\"a-section a-spacing-medium a-spacing-top-small\">\n<hr \/>\n<h1 class=\"a-size-base-plus a-text-bold\">About this item<\/h1>\n<ul class=\"a-unordered-list a-vertical a-spacing-mini\">\n<li class=\"a-spacing-mini\"><span class=\"a-list-item\">HIGH VOLUME PRINTING: Print worry-free at 10p for Black and 20p for Colour;INCREASE PRODUCTIVITY WITH AUTOMATIC DOCUMENT FEEDER: This all-in-1 printer&#8217;s 35-page automatic document feeder helps you breeze through scan and copy jobs quickly<\/span><\/li>\n<li class=\"a-spacing-mini\"><span class=\"a-list-item\">RELIABLE CONNECTIVITY : High-speed USB 2.0 Connectivity, Wi-Fi , Bluetooth LE;PEACE OF MIND SERVICE SUPPORT: On-site 6Hrs Call to Resolution (Installation and Break-fix) covering 400 cites with 444 locations (Use genuine HP GT53XL 135-ml Black Original Ink Bottle; HP GT52 70-ml Cyan Original Ink Bottle; HP GT52 70-ml Magenta Original Ink Bottle; HP GT52 70-ml Yellow Original Ink Bottle)<\/span><\/li>\n<li class=\"a-spacing-mini\"><span class=\"a-list-item\">WORRY FREE DUAL BAND WIRELESS: Get better range,faster and more reliable connections using dual band Wi-Fi.Print, scan, and copy from anywhere with the best-in-class mobile print app: HP Smart;SAVE YOUR PRODUCTIVE TIME: Enjoy plain paper printing speeds of 22 Draft (Black) \/ 16 Draft (Colour), Help save time with customizable shortcuts, using Smart Tasks. Print your business documents quickly with fast print speeds<\/span><\/li>\n<li class=\"a-spacing-mini\"><span class=\"a-list-item\">CONVENIENT INK MANAGEMENT: Easy to fill integrated ink tanks lets you see how much ink you have left. With newly designed ink bottles specific for each colour it\u00e2??s easier than ever to fill and refill;WIFI PRINTER FOR YOUR PRINT, SCAN AND COPY NEEDS : With integrated ink tanks and an automatic ink sensor, you get a compact, spill-free refill system that makes it easy to manage ink. Up to 8,000 colour or 18,000 black pages are included; VERSATILE PRINT\/MEDIA OPTIONS: Print both documents and photos on plain paper and a variety of other media types. Also print beautiful borderless photos3 from 3.5\u00e2? x3.5\u00e2? square to 8.5\u00e2? x11\u00e2? letter effortlessly<\/span><\/li>\n<li class=\"a-spacing-mini\"><span class=\"a-list-item\">Control Method: Application<\/span><\/li>\n<\/ul>\n<\/div>\n<\/div>\n","protected":false},"featured_media":7437,"comment_status":"open","ping_status":"closed","template":"","meta":{"site-sidebar-layout":"default","site-content-layout":"default","ast-global-header-display":"","ast-main-header-display":"","ast-hfb-above-header-display":"","ast-hfb-below-header-display":"","ast-hfb-mobile-header-display":"","site-post-title":"","ast-breadcrumbs-content":"","ast-featured-img":"","footer-sml-layout":"","theme-transparent-header-meta":"default","adv-header-id-meta":"","stick-header-meta":"","header-above-stick-meta":"","header-main-stick-meta":"","header-below-stick-meta":""},"product_cat":[39],"product_tag":[57],"jetpack-related-posts":[{"id":5940,"url":"https:\/\/agrim.co.in\/index.php\/product\/hp-2276\/","url_meta":{"origin":5969,"position":0},"title":"HP 2276","date":"July 19, 2023","format":false,"excerpt":"BrandHPConnectivity TechnologyWi-FiPrinting TechnologyInkjetSpecial FeatureWireless,CompactColourgrayRecommended Uses For ProductHomeModel Name2776Printer OutputColourMaximum Print Speed (Colour)5.5 ppmOperating SystemWindows 10","rel":"","context":"Similar post","img":{"alt_text":"","src":"https:\/\/i0.wp.com\/agrim.co.in\/wp-content\/uploads\/2023\/07\/HP-2276-1.webp?fit=1000%2C1000&ssl=1&resize=350%2C200","width":350,"height":200},"classes":[]},{"id":5944,"url":"https:\/\/agrim.co.in\/index.php\/product\/hp-2776\/","url_meta":{"origin":5969,"position":1},"title":"HP 2776","date":"July 19, 2023","format":false,"excerpt":"Brand HP Connectivity Technology Wi-Fi Printing Technology Inkjet Special Feature Wireless,Compact Colour gray Recommended Uses For Product Home Model Name 2776 Printer Output Colour Maximum Print Speed (Colour) 5.5 ppm Operating System Windows 10 See less About this item SAVE YOUR PRODUCTIVE TIME: High speed printing for Home needs; Black:\u2026","rel":"","context":"Similar post","img":{"alt_text":"","src":"https:\/\/i0.wp.com\/agrim.co.in\/wp-content\/uploads\/2023\/07\/HP-2776-.jpg?fit=1200%2C1200&ssl=1&resize=350%2C200","width":350,"height":200},"classes":[]},{"id":5961,"url":"https:\/\/agrim.co.in\/index.php\/product\/hp-500-tank\/","url_meta":{"origin":5969,"position":2},"title":"HP Smart Tank 500 All-in-One","date":"July 19, 2023","format":false,"excerpt":"Brand HP Connectivity Technology USB Printing Technology Inkjet Special Feature Compact Colour black Recommended Uses For Product Home Model Name HP Smart Tank 500 Colour Printer Printer Output Colour Maximum Print Speed (Colour) 15 ppm Max Print speed Monochrome 22 ppm See less About this item PRINTER FOR YOUR PRINT,\u2026","rel":"","context":"Similar post","img":{"alt_text":"","src":"https:\/\/i0.wp.com\/agrim.co.in\/wp-content\/uploads\/2023\/07\/WhatsApp-Image-2024-11-25-at-1.30.38-PM.jpeg?fit=800%2C600&ssl=1&resize=350%2C200","width":350,"height":200},"classes":[]},{"id":5949,"url":"https:\/\/agrim.co.in\/index.php\/product\/hp-319\/","url_meta":{"origin":5969,"position":3},"title":"HP 319","date":"July 19, 2023","format":false,"excerpt":"Brand HP Connectivity Technology USB Printing Technology Ink Tank Special Feature Charging Port Colour Black Recommended Uses For Product Office Model Name Z6Z13A Printer Output Colour Maximum Print Speed (Colour) 15 ppm Max Print speed Monochrome","rel":"","context":"Similar post","img":{"alt_text":"","src":"https:\/\/i0.wp.com\/agrim.co.in\/wp-content\/uploads\/2023\/07\/319-.jpg?fit=700%2C508&ssl=1&resize=350%2C200","width":350,"height":200},"classes":[]},{"id":5942,"url":"https:\/\/agrim.co.in\/index.php\/product\/hp-2338\/","url_meta":{"origin":5969,"position":4},"title":"HP 2338","date":"July 19, 2023","format":false,"excerpt":"Brand HP Connectivity Technology Wired Printing Technology Inkjet Special Feature Compact Colour gray Recommended Uses For Product Home Model Name DeskJet 2338 Printer Output Colour Maximum Print Speed (Colour) 5.5 ppm Max Print speed Monochrome 20 ppm See less About this item Highly printer for your print, scan and copy\u2026","rel":"","context":"Similar post","img":{"alt_text":"","src":"https:\/\/i0.wp.com\/agrim.co.in\/wp-content\/uploads\/2023\/07\/HP-2338.webp?fit=300%2C255&ssl=1&resize=350%2C200","width":350,"height":200},"classes":[]},{"id":5979,"url":"https:\/\/agrim.co.in\/index.php\/product\/hp-675\/","url_meta":{"origin":5969,"position":5},"title":"HP 675","date":"July 19, 2023","format":false,"excerpt":"Brand HP Connectivity Technology Bluetooth, Wi-Fi, USB Printing Technology Thermal Special Feature Wireless Colour Gray Recommended Uses For Product Office, Home Model Name HP Smart Tank 675 All-in-One Printer Printer Output Colour Maximum Print Speed (Colour) 7 ppm Max Print speed Monochrome 12 ppm See less About this item ENVIRONMENTAL\u2026","rel":"","context":"Similar post","img":{"alt_text":"","src":"https:\/\/i0.wp.com\/agrim.co.in\/wp-content\/uploads\/2023\/07\/HP-675.webp?fit=300%2C225&ssl=1&resize=350%2C200","width":350,"height":200},"classes":[]}],"_links":{"self":[{"href":"https:\/\/agrim.co.in\/index.php\/wp-json\/wp\/v2\/product\/5969"}],"collection":[{"href":"https:\/\/agrim.co.in\/index.php\/wp-json\/wp\/v2\/product"}],"about":[{"href":"https:\/\/agrim.co.in\/index.php\/wp-json\/wp\/v2\/types\/product"}],"replies":[{"embeddable":true,"href":"https:\/\/agrim.co.in\/index.php\/wp-json\/wp\/v2\/comments?post=5969"}],"version-history":[{"count":1,"href":"https:\/\/agrim.co.in\/index.php\/wp-json\/wp\/v2\/product\/5969\/revisions"}],"predecessor-version":[{"id":5970,"href":"https:\/\/agrim.co.in\/index.php\/wp-json\/wp\/v2\/product\/5969\/revisions\/5970"}],"wp:featuredmedia":[{"embeddable":true,"href":"https:\/\/agrim.co.in\/index.php\/wp-json\/wp\/v2\/media\/7437"}],"wp:attachment":[{"href":"https:\/\/agrim.co.in\/index.php\/wp-json\/wp\/v2\/media?parent=5969"}],"wp:term":[{"taxonomy":"product_cat","embeddable":true,"href":"https:\/\/agrim.co.in\/index.php\/wp-json\/wp\/v2\/product_cat?post=5969"},{"taxonomy":"product_tag","embeddable":true,"href":"https:\/\/agrim.co.in\/index.php\/wp-json\/wp\/v2\/product_tag?post=5969"}],"curies":[{"name":"wp","href":"https:\/\/api.w.org\/{rel}","templated":true}]}}